{"id":328,"date":"2023-12-27T13:46:21","date_gmt":"2023-12-27T12:46:21","guid":{"rendered":"https:\/\/taxidagde.com\/index.php\/home-2\/"},"modified":"2024-01-02T21:35:35","modified_gmt":"2024-01-02T20:35:35","slug":"home-2","status":"publish","type":"page","link":"https:\/\/taxidagde.com\/","title":{"rendered":"Home"},"content":{"rendered":"\n<div class=\"wp-block-cover\"><span aria-hidden=\"true\" class=\"wp-block-cover__background has-background-dim\"><\/span><img fetchpriority=\"high\" decoding=\"async\" width=\"1024\" height=\"683\" class=\"wp-block-cover__image-background wp-image-1202\" alt=\"\" src=\"https:\/\/taxidagde.com\/wp-content\/uploads\/2024\/01\/young-uber-driver-car-interior-1024x683.jpg\" data-object-fit=\"cover\" srcset=\"https:\/\/taxidagde.com\/wp-content\/uploads\/2024\/01\/young-uber-driver-car-interior-1024x683.jpg 1024w, https:\/\/taxidagde.com\/wp-content\/uploads\/2024\/01\/young-uber-driver-car-interior-300x200.jpg 300w, https:\/\/taxidagde.com\/wp-content\/uploads\/2024\/01\/young-uber-driver-car-interior-768x512.jpg 768w, https:\/\/taxidagde.com\/wp-content\/uploads\/2024\/01\/young-uber-driver-car-interior-1536x1024.jpg 1536w, https:\/\/taxidagde.com\/wp-content\/uploads\/2024\/01\/young-uber-driver-car-interior-2048x1365.jpg 2048w, https:\/\/taxidagde.com\/wp-content\/uploads\/2024\/01\/young-uber-driver-car-interior-930x620.jpg 930w\" sizes=\"(max-width: 1024px) 100vw, 1024px\" \/><div class=\"wp-block-cover__inner-container is-layout-flow wp-block-cover-is-layout-flow\">\n<p class=\"has-text-align-center has-nv-site-bg-color has-text-color has-link-color wp-elements-0f21bfed6334f7ccb6c447aa303cfb4d\" style=\"font-size:28px\"><p style=\"font-size: 28px;\">R\u00e9servez votre taxi en ligne .<\/p><\/p>\n\n\n\n<p class=\"has-text-align-center has-nv-site-bg-color has-text-color has-link-color wp-elements-e579ad5843a77500d44e893e1df98294\" style=\"font-size:28px\"><p style=\"font-size: 28px;\">Votre confort, notre priorit\u00e9!<\/p><\/p>\n<\/div><\/div>\n\n\n\n<section id=\"wp-block-themeisle-blocks-advanced-columns-e7931e5c\" class=\"wp-block-themeisle-blocks-advanced-columns alignfull has-2-columns has-desktop-equal-layout has-tablet-equal-layout has-mobile-collapsedRows-layout has-vertical-center\"><div class=\"wp-block-themeisle-blocks-advanced-columns-overlay\"><\/div><div class=\"innerblocks-wrap\">\n<div id=\"wp-block-themeisle-blocks-advanced-column-311d4b3f\" class=\"wp-block-themeisle-blocks-advanced-column\">\n<span id=\"wp-block-themeisle-blocks-advanced-heading-4cfcfe68\" class=\"wp-block-themeisle-blocks-advanced-heading wp-block-themeisle-blocks-advanced-heading-4cfcfe68\"><\/span>\n\n\n\n<h2 id=\"wp-block-themeisle-blocks-advanced-heading-9544202b\" class=\"wp-block-themeisle-blocks-advanced-heading wp-block-themeisle-blocks-advanced-heading-9544202b\">Bienvenue chez Taxi d&#8217;Agde<\/h2>\n\n\n\n<p>R\u00e9servez votre taxi en ligne d\u00e8s maintenant \u00e0 Agde, pour des d\u00e9placements simples, rapides et fiables. Que ce soit pour le travail, les sorties entre amis ou les transferts a\u00e9roport, nous sommes l\u00e0 pour vous conduire o\u00f9 vous le souhaitez, quand vous le souhaitez. Faites de chaque trajet une exp\u00e9rience sans souci!<\/p>\n\n\n\n<div class=\"wp-block-buttons is-layout-flex wp-block-buttons-is-layout-flex\">\n<div class=\"wp-block-button\"><a class=\"wp-block-button__link wp-element-button\" href=\"https:\/\/www.google.com\/maps\/place\/Express+VTC+Taxi\/@43.3015787,3.4716729,15z\/data=!4m6!3m5!1s0x8e63d73d38c6c90f:0x5a7ffcf4af7b57e3!8m2!3d43.3015787!4d3.4716729!16s%2Fg%2F11vlcqsm44?entry=ttu\" target=\"_blank\" rel=\"noreferrer noopener\">Retrouvez-nous sur la carte.<\/a><\/div>\n<\/div>\n<\/div>\n\n\n\n<div id=\"wp-block-themeisle-blocks-advanced-column-49224624\" class=\"wp-block-themeisle-blocks-advanced-column\">\n<figure class=\"wp-block-image size-large\"><img decoding=\"async\" width=\"1024\" height=\"1024\" src=\"https:\/\/taxidagde.com\/wp-content\/uploads\/2024\/01\/Untitled-1200-x-1200-px-1024x1024.png\" alt=\"\" class=\"wp-image-1203\" srcset=\"https:\/\/taxidagde.com\/wp-content\/uploads\/2024\/01\/Untitled-1200-x-1200-px-1024x1024.png 1024w, https:\/\/taxidagde.com\/wp-content\/uploads\/2024\/01\/Untitled-1200-x-1200-px-300x300.png 300w, https:\/\/taxidagde.com\/wp-content\/uploads\/2024\/01\/Untitled-1200-x-1200-px-150x150.png 150w, https:\/\/taxidagde.com\/wp-content\/uploads\/2024\/01\/Untitled-1200-x-1200-px-768x768.png 768w, https:\/\/taxidagde.com\/wp-content\/uploads\/2024\/01\/Untitled-1200-x-1200-px.png 1200w\" sizes=\"(max-width: 1024px) 100vw, 1024px\" \/><\/figure>\n<\/div>\n<\/div><\/section>\n\n\n\n<h2 class=\"wp-block-heading has-text-align-center\">Nos tarifs!<\/h2>\n\n\n\n<figure class=\"wp-block-image\"><img decoding=\"async\" width=\"2000\" height=\"2500\" src=\"https:\/\/taxidagde.com\/wp-content\/uploads\/2024\/01\/png.png\" alt=\"\" class=\"wp-image-1209\" srcset=\"https:\/\/taxidagde.com\/wp-content\/uploads\/2024\/01\/png.png 2000w, https:\/\/taxidagde.com\/wp-content\/uploads\/2024\/01\/png-240x300.png 240w, https:\/\/taxidagde.com\/wp-content\/uploads\/2024\/01\/png-819x1024.png 819w, https:\/\/taxidagde.com\/wp-content\/uploads\/2024\/01\/png-768x960.png 768w, https:\/\/taxidagde.com\/wp-content\/uploads\/2024\/01\/png-1229x1536.png 1229w, https:\/\/taxidagde.com\/wp-content\/uploads\/2024\/01\/png-1638x2048.png 1638w\" sizes=\"(max-width: 2000px) 100vw, 2000px\" \/><\/figure>\n\n\n\n<section id=\"wp-block-themeisle-blocks-advanced-columns-9d44aec9\" class=\"wp-block-themeisle-blocks-advanced-columns alignfull has-1-columns has-desktop-equal-layout has-tablet-equal-layout has-mobile-equal-layout has-vertical-flex-start\"><div class=\"wp-block-themeisle-blocks-advanced-columns-overlay\"><\/div><div class=\"innerblocks-wrap\">\n<div id=\"wp-block-themeisle-blocks-advanced-column-e2d066c2\" class=\"wp-block-themeisle-blocks-advanced-column\">\n<section id=\"wp-block-themeisle-blocks-advanced-columns-455add3f\" class=\"wp-block-themeisle-blocks-advanced-columns has-1-columns has-desktop-equal-layout has-tablet-equal-layout has-mobile-equal-layout has-vertical-flex-start\"><div class=\"wp-block-themeisle-blocks-advanced-columns-overlay\"><\/div><div class=\"innerblocks-wrap\">\n<div id=\"wp-block-themeisle-blocks-advanced-column-bcb07280\" class=\"wp-block-themeisle-blocks-advanced-column\">\n<span id=\"wp-block-themeisle-blocks-advanced-heading-b59748bc\" class=\"wp-block-themeisle-blocks-advanced-heading wp-block-themeisle-blocks-advanced-heading-b59748bc\"><\/span>\n\n\n\n<h2 id=\"wp-block-themeisle-blocks-advanced-heading-1973f2d4\" class=\"wp-block-themeisle-blocks-advanced-heading wp-block-themeisle-blocks-advanced-heading-1973f2d4\">Les avis de nos clients<\/h2>\n<\/div>\n<\/div><\/section>\n\n\n\n<section id=\"wp-block-themeisle-blocks-advanced-columns-a6c7bd2f\" class=\"wp-block-themeisle-blocks-advanced-columns has-2-columns has-desktop-equal-layout has-tablet-equal-layout has-mobile-collapsedRows-layout has-vertical-flex-start\"><div class=\"wp-block-themeisle-blocks-advanced-columns-overlay\"><\/div><div class=\"innerblocks-wrap\">\n<div id=\"wp-block-themeisle-blocks-advanced-column-a29f8a68\" class=\"wp-block-themeisle-blocks-advanced-column\">\n<p class=\"has-text-align-center\"><p>J&#8217;ai utilis\u00e9 ce service de taxi \u00e0 Agde pour un transfert vers l&#8217;a\u00e9roport. La r\u00e9servation en ligne \u00e9tait simple, le chauffeur est arriv\u00e9 \u00e0 l&#8217;heure . Des tarifs comp\u00e9titifs et un service de qualit\u00e9, je referai appel \u00e0 eux lors de mes prochains d\u00e9placements.<\/p><\/p>\n\n\n<div class=\"wp-block-image\">\n<figure class=\"aligncenter size-large is-resized\"><img loading=\"lazy\" decoding=\"async\" width=\"1024\" height=\"219\" src=\"https:\/\/taxidagde.com\/wp-content\/uploads\/2024\/01\/pngegg-1024x219.png\" alt=\"\" class=\"wp-image-1268\" style=\"width:94px;height:auto\" srcset=\"https:\/\/taxidagde.com\/wp-content\/uploads\/2024\/01\/pngegg-1024x219.png 1024w, https:\/\/taxidagde.com\/wp-content\/uploads\/2024\/01\/pngegg-300x64.png 300w, https:\/\/taxidagde.com\/wp-content\/uploads\/2024\/01\/pngegg-768x164.png 768w, https:\/\/taxidagde.com\/wp-content\/uploads\/2024\/01\/pngegg.png 1464w\" sizes=\"(max-width: 1024px) 100vw, 1024px\" \/><\/figure><\/div>\n\n\n<h4 id=\"wp-block-themeisle-blocks-advanced-heading-8bab1133\" class=\"wp-block-themeisle-blocks-advanced-heading wp-block-themeisle-blocks-advanced-heading-8bab1133\">Julien<\/h4>\n<\/div>\n\n\n\n<div id=\"wp-block-themeisle-blocks-advanced-column-f83db60d\" class=\"wp-block-themeisle-blocks-advanced-column\">\n<p class=\"has-text-align-center\"><p>Une exp\u00e9rience de taxi exceptionnelle \u00e0 Agde ! Le service \u00e9tait ponctuel, le conducteur amical et la conduite s\u00fbre. Tarifs raisonnables, je recommande vivement.<\/p><\/p>\n\n\n<div class=\"wp-block-image\">\n<figure class=\"aligncenter size-large is-resized\"><img loading=\"lazy\" decoding=\"async\" width=\"1024\" height=\"219\" src=\"https:\/\/taxidagde.com\/wp-content\/uploads\/2024\/01\/pngegg-1024x219.png\" alt=\"\" class=\"wp-image-1268\" style=\"width:108px;height:auto\" srcset=\"https:\/\/taxidagde.com\/wp-content\/uploads\/2024\/01\/pngegg-1024x219.png 1024w, https:\/\/taxidagde.com\/wp-content\/uploads\/2024\/01\/pngegg-300x64.png 300w, https:\/\/taxidagde.com\/wp-content\/uploads\/2024\/01\/pngegg-768x164.png 768w, https:\/\/taxidagde.com\/wp-content\/uploads\/2024\/01\/pngegg.png 1464w\" sizes=\"(max-width: 1024px) 100vw, 1024px\" \/><\/figure><\/div>\n\n\n<h4 id=\"wp-block-themeisle-blocks-advanced-heading-66f47684\" class=\"wp-block-themeisle-blocks-advanced-heading wp-block-themeisle-blocks-advanced-heading-66f47684\">Pierre<\/h4>\n<\/div>\n<\/div><\/section>\n<\/div>\n<\/div><\/section>\n\n\n\n<section id=\"wp-block-themeisle-blocks-advanced-columns-88d2ee48\" class=\"wp-block-themeisle-blocks-advanced-columns alignfull has-2-columns has-desktop-equal-layout has-tablet-equal-layout has-mobile-collapsedRows-layout has-vertical-center\"><div class=\"wp-block-themeisle-blocks-advanced-columns-overlay\"><\/div><div class=\"innerblocks-wrap\">\n<div id=\"wp-block-themeisle-blocks-advanced-column-246c5eb4\" class=\"wp-block-themeisle-blocks-advanced-column\">\n<span id=\"wp-block-themeisle-blocks-advanced-heading-4cdba9ae\" class=\"wp-block-themeisle-blocks-advanced-heading wp-block-themeisle-blocks-advanced-heading-4cdba9ae\"><\/span>\n\n\n\n<h2 id=\"wp-block-themeisle-blocks-advanced-heading-de97145d\" class=\"wp-block-themeisle-blocks-advanced-heading wp-block-themeisle-blocks-advanced-heading-de97145d\">Notre localisation<\/h2>\n\n\n\n<span id=\"wp-block-themeisle-blocks-advanced-heading-74c275e8\" class=\"wp-block-themeisle-blocks-advanced-heading wp-block-themeisle-blocks-advanced-heading-74c275e8\"><\/span>\n\n\n\n<p>O\u00f9 que vous soyez, notre localisation pr\u00e9cise nous permet de vous offrir un service rapide et fiable. Que ce soit pour un rendez-vous professionnel ou une sortie entre amis, notre plateforme intuitive vous permet de r\u00e9server votre taxi en un seul clic. Simplifiez votre d\u00e9placement avec notre site, garantissant que vous arriviez \u00e0 destination en toute tranquillit\u00e9, \u00e0 tout moment.<\/p>\n\n\n\n<span id=\"wp-block-themeisle-blocks-advanced-heading-e867de30\" class=\"wp-block-themeisle-blocks-advanced-heading wp-block-themeisle-blocks-advanced-heading-e867de30\"><strong>Rue Louis Valli\u00e8re, 34300 Agde, France<\/strong><\/span>\n\n\n\n<span id=\"wp-block-themeisle-blocks-advanced-heading-f75029e0\" class=\"wp-block-themeisle-blocks-advanced-heading wp-block-themeisle-blocks-advanced-heading-f75029e0\"><strong>cmvtc34@gmail.com<\/strong><\/span>\n\n\n\n<span id=\"wp-block-themeisle-blocks-advanced-heading-808c86b8\" class=\"wp-block-themeisle-blocks-advanced-heading wp-block-themeisle-blocks-advanced-heading-808c86b8\"><strong>+33 7 82 97 07 50<\/strong><\/span>\n<\/div>\n\n\n\n<div id=\"wp-block-themeisle-blocks-advanced-column-d8dc3166\" class=\"wp-block-themeisle-blocks-advanced-column\">\n<figure class=\"wp-block-image size-full\"><img loading=\"lazy\" decoding=\"async\" width=\"641\" height=\"534\" src=\"https:\/\/taxidagde.com\/wp-content\/uploads\/2024\/01\/image_2024-01-01_210354782.png\" alt=\"\" class=\"wp-image-1227\" srcset=\"https:\/\/taxidagde.com\/wp-content\/uploads\/2024\/01\/image_2024-01-01_210354782.png 641w, https:\/\/taxidagde.com\/wp-content\/uploads\/2024\/01\/image_2024-01-01_210354782-300x250.png 300w\" sizes=\"(max-width: 641px) 100vw, 641px\" \/><\/figure>\n\n\n\n<div class=\"wp-block-buttons is-content-justification-center is-layout-flex wp-container-core-buttons-is-layout-2 wp-block-buttons-is-layout-flex\">\n<div class=\"wp-block-button\"><a class=\"wp-block-button__link has-text-align-center wp-element-button\" href=\"https:\/\/www.google.com\/maps\/place\/Express+VTC+Taxi\/@43.3015787,3.4716729,15z\/data=!4m6!3m5!1s0x8e63d73d38c6c90f:0x5a7ffcf4af7b57e3!8m2!3d43.3015787!4d3.4716729!16s%2Fg%2F11vlcqsm44?entry=ttu\" target=\"_blank\" rel=\"noreferrer noopener\">Localisation<\/a><\/div>\n<\/div>\n<\/div>\n<\/div><\/section>\n\n\n\n<div id=\"wp-block-themeisle-blocks-advanced-columns-f326b099\" class=\"wp-block-themeisle-blocks-advanced-columns alignfull has-1-columns has-desktop-equal-layout has-tablet-equal-layout has-mobile-equal-layout has-vertical-unset\"><div class=\"wp-block-themeisle-blocks-advanced-columns-overlay\"><\/div><div class=\"innerblocks-wrap\">\n<div id=\"wp-block-themeisle-blocks-advanced-column-2fb5b4c8\" class=\"wp-block-themeisle-blocks-advanced-column\">\n<span id=\"wp-block-themeisle-blocks-advanced-heading-35622ce5\" class=\"wp-block-themeisle-blocks-advanced-heading wp-block-themeisle-blocks-advanced-heading-35622ce5\"><strong><o-anim-typing>Tu nous trouves!<\/o-anim-typing><\/strong><\/span>\n\n\n\n<ul class=\"wp-block-social-links aligncenter is-layout-flex wp-block-social-links-is-layout-flex\"><li class=\"wp-social-link wp-social-link-facebook  wp-block-social-link\"><a href=\"https:\/\/wordpress.org\" class=\"wp-block-social-link-anchor\"><svg width=\"24\" height=\"24\" viewBox=\"0 0 24 24\" version=\"1.1\" xmlns=\"http:\/\/www.w3.org\/2000\/svg\" aria-hidden=\"true\" focusable=\"false\"><path d=\"M12 2C6.5 2 2 6.5 2 12c0 5 3.7 9.1 8.4 9.9v-7H7.9V12h2.5V9.8c0-2.5 1.5-3.9 3.8-3.9 1.1 0 2.2.2 2.2.2v2.5h-1.3c-1.2 0-1.6.8-1.6 1.6V12h2.8l-.4 2.9h-2.3v7C18.3 21.1 22 17 22 12c0-5.5-4.5-10-10-10z\"><\/path><\/svg><span class=\"wp-block-social-link-label screen-reader-text\">Facebook<\/span><\/a><\/li>\n\n\n\n<li class=\"wp-social-link wp-social-link-whatsapp  wp-block-social-link\"><a href=\"https:\/\/+33782970750\" class=\"wp-block-social-link-anchor\"><svg width=\"24\" height=\"24\" viewBox=\"0 0 24 24\" version=\"1.1\" xmlns=\"http:\/\/www.w3.org\/2000\/svg\" aria-hidden=\"true\" focusable=\"false\"><path d=\"M 12.011719 2 C 6.5057187 2 2.0234844 6.478375 2.0214844 11.984375 C 2.0204844 13.744375 2.4814687 15.462563 3.3554688 16.976562 L 2 22 L 7.2324219 20.763672 C 8.6914219 21.559672 10.333859 21.977516 12.005859 21.978516 L 12.009766 21.978516 C 17.514766 21.978516 21.995047 17.499141 21.998047 11.994141 C 22.000047 9.3251406 20.962172 6.8157344 19.076172 4.9277344 C 17.190172 3.0407344 14.683719 2.001 12.011719 2 z M 12.009766 4 C 14.145766 4.001 16.153109 4.8337969 17.662109 6.3417969 C 19.171109 7.8517969 20.000047 9.8581875 19.998047 11.992188 C 19.996047 16.396187 16.413812 19.978516 12.007812 19.978516 C 10.674812 19.977516 9.3544062 19.642812 8.1914062 19.007812 L 7.5175781 18.640625 L 6.7734375 18.816406 L 4.8046875 19.28125 L 5.2851562 17.496094 L 5.5019531 16.695312 L 5.0878906 15.976562 C 4.3898906 14.768562 4.0204844 13.387375 4.0214844 11.984375 C 4.0234844 7.582375 7.6067656 4 12.009766 4 z M 8.4765625 7.375 C 8.3095625 7.375 8.0395469 7.4375 7.8105469 7.6875 C 7.5815469 7.9365 6.9355469 8.5395781 6.9355469 9.7675781 C 6.9355469 10.995578 7.8300781 12.182609 7.9550781 12.349609 C 8.0790781 12.515609 9.68175 15.115234 12.21875 16.115234 C 14.32675 16.946234 14.754891 16.782234 15.212891 16.740234 C 15.670891 16.699234 16.690438 16.137687 16.898438 15.554688 C 17.106437 14.971687 17.106922 14.470187 17.044922 14.367188 C 16.982922 14.263188 16.816406 14.201172 16.566406 14.076172 C 16.317406 13.951172 15.090328 13.348625 14.861328 13.265625 C 14.632328 13.182625 14.464828 13.140625 14.298828 13.390625 C 14.132828 13.640625 13.655766 14.201187 13.509766 14.367188 C 13.363766 14.534188 13.21875 14.556641 12.96875 14.431641 C 12.71875 14.305641 11.914938 14.041406 10.960938 13.191406 C 10.218937 12.530406 9.7182656 11.714844 9.5722656 11.464844 C 9.4272656 11.215844 9.5585938 11.079078 9.6835938 10.955078 C 9.7955938 10.843078 9.9316406 10.663578 10.056641 10.517578 C 10.180641 10.371578 10.223641 10.267562 10.306641 10.101562 C 10.389641 9.9355625 10.347156 9.7890625 10.285156 9.6640625 C 10.223156 9.5390625 9.737625 8.3065 9.515625 7.8125 C 9.328625 7.3975 9.131125 7.3878594 8.953125 7.3808594 C 8.808125 7.3748594 8.6425625 7.375 8.4765625 7.375 z\"><\/path><\/svg><span class=\"wp-block-social-link-label screen-reader-text\">WhatsApp<\/span><\/a><\/li><\/ul>\n<\/div>\n<\/div><\/div>\n\n\n\n<p>&nbsp;<\/p>\n","protected":false},"excerpt":{"rendered":"<p>Nos tarifs! &nbsp;<\/p>\n","protected":false},"author":1,"featured_media":0,"parent":0,"menu_order":0,"comment_status":"closed","ping_status":"closed","template":"page-templates\/template-pagebuilder-full-width.php","meta":{"om_disable_all_campaigns":false,"_monsterinsights_skip_tracking":false,"_monsterinsights_sitenote_active":false,"_monsterinsights_sitenote_note":"","_monsterinsights_sitenote_category":0,"_uf_show_specific_survey":0,"_uf_disable_surveys":false,"neve_meta_sidebar":"full-width","neve_meta_container":"","neve_meta_enable_content_width":"on","neve_meta_content_width":100,"neve_meta_title_alignment":"","neve_meta_author_avatar":"","neve_post_elements_order":"","neve_meta_disable_header":"","neve_meta_disable_footer":"","neve_meta_disable_title":"","_themeisle_gutenberg_block_has_review":false,"_ti_tpc_template_sync":false,"_ti_tpc_template_id":"","footnotes":""},"yoast_head":"<!-- This site is optimized with the Yoast SEO plugin v21.7 - https:\/\/yoast.com\/wordpress\/plugins\/seo\/ -->\n<title>Home - Express Taxi<\/title>\n<meta name=\"description\" content=\"Avec notre plateforme conviviale, planifiez vos trajets en un instant. Voyagez avec confort et assurance. R\u00e9servez d\u00e8s maintenant votre taxi \u00e0 Agde avec\" \/>\n<meta name=\"robots\" content=\"index, follow, max-snippet:-1, max-image-preview:large, max-video-preview:-1\" \/>\n<link rel=\"canonical\" href=\"https:\/\/taxidagde.com\/\" \/>\n<meta property=\"og:locale\" content=\"en_US\" \/>\n<meta property=\"og:type\" content=\"article\" \/>\n<meta property=\"og:title\" content=\"Home - Express Taxi\" \/>\n<meta property=\"og:description\" content=\"Avec notre plateforme conviviale, planifiez vos trajets en un instant. Voyagez avec confort et assurance. R\u00e9servez d\u00e8s maintenant votre taxi \u00e0 Agde avec\" \/>\n<meta property=\"og:url\" content=\"https:\/\/taxidagde.com\/\" \/>\n<meta property=\"og:site_name\" content=\"Express Taxi\" \/>\n<meta property=\"article:modified_time\" content=\"2024-01-02T20:35:35+00:00\" \/>\n<meta property=\"og:image\" content=\"https:\/\/taxidagde.com\/wp-content\/uploads\/2024\/01\/young-uber-driver-car-interior-1024x683.jpg\" \/>\n<meta name=\"twitter:card\" content=\"summary_large_image\" \/>\n<meta name=\"twitter:label1\" content=\"Est. reading time\" \/>\n\t<meta name=\"twitter:data1\" content=\"3 minutes\" \/>\n<script type=\"application\/ld+json\" class=\"yoast-schema-graph\">{\"@context\":\"https:\/\/schema.org\",\"@graph\":[{\"@type\":\"WebPage\",\"@id\":\"https:\/\/taxidagde.com\/\",\"url\":\"https:\/\/taxidagde.com\/\",\"name\":\"Home - Express Taxi\",\"isPartOf\":{\"@id\":\"https:\/\/taxidagde.com\/#website\"},\"datePublished\":\"2023-12-27T12:46:21+00:00\",\"dateModified\":\"2024-01-02T20:35:35+00:00\",\"description\":\"Avec notre plateforme conviviale, planifiez vos trajets en un instant. Voyagez avec confort et assurance. R\u00e9servez d\u00e8s maintenant votre taxi \u00e0 Agde avec\",\"breadcrumb\":{\"@id\":\"https:\/\/taxidagde.com\/#breadcrumb\"},\"inLanguage\":\"en-US\",\"potentialAction\":[{\"@type\":\"ReadAction\",\"target\":[\"https:\/\/taxidagde.com\/\"]}]},{\"@type\":\"BreadcrumbList\",\"@id\":\"https:\/\/taxidagde.com\/#breadcrumb\",\"itemListElement\":[{\"@type\":\"ListItem\",\"position\":1,\"name\":\"Accueil\",\"item\":\"https:\/\/taxidagde.com\/\"},{\"@type\":\"ListItem\",\"position\":2,\"name\":\"Home\"}]},{\"@type\":\"WebSite\",\"@id\":\"https:\/\/taxidagde.com\/#website\",\"url\":\"https:\/\/taxidagde.com\/\",\"name\":\"Express Taxi\",\"description\":\"\",\"publisher\":{\"@id\":\"https:\/\/taxidagde.com\/#organization\"},\"potentialAction\":[{\"@type\":\"SearchAction\",\"target\":{\"@type\":\"EntryPoint\",\"urlTemplate\":\"https:\/\/taxidagde.com\/?s={search_term_string}\"},\"query-input\":\"required name=search_term_string\"}],\"inLanguage\":\"en-US\"},{\"@type\":\"Organization\",\"@id\":\"https:\/\/taxidagde.com\/#organization\",\"name\":\"Express Taxi\",\"url\":\"https:\/\/taxidagde.com\/\",\"logo\":{\"@type\":\"ImageObject\",\"inLanguage\":\"en-US\",\"@id\":\"https:\/\/taxidagde.com\/#\/schema\/logo\/image\/\",\"url\":\"https:\/\/taxidagde.com\/wp-content\/uploads\/2023\/12\/Black-and-White-Simple-Elegant-Car-Service-Logo-500-x-50-px.png\",\"contentUrl\":\"https:\/\/taxidagde.com\/wp-content\/uploads\/2023\/12\/Black-and-White-Simple-Elegant-Car-Service-Logo-500-x-50-px.png\",\"width\":200,\"height\":50,\"caption\":\"Express Taxi\"},\"image\":{\"@id\":\"https:\/\/taxidagde.com\/#\/schema\/logo\/image\/\"}}]}<\/script>\n<!-- \/ Yoast SEO plugin. -->","yoast_head_json":{"title":"Home - Express Taxi","description":"Avec notre plateforme conviviale, planifiez vos trajets en un instant. Voyagez avec confort et assurance. R\u00e9servez d\u00e8s maintenant votre taxi \u00e0 Agde avec","robots":{"index":"index","follow":"follow","max-snippet":"max-snippet:-1","max-image-preview":"max-image-preview:large","max-video-preview":"max-video-preview:-1"},"canonical":"https:\/\/taxidagde.com\/","og_locale":"en_US","og_type":"article","og_title":"Home - Express Taxi","og_description":"Avec notre plateforme conviviale, planifiez vos trajets en un instant. Voyagez avec confort et assurance. R\u00e9servez d\u00e8s maintenant votre taxi \u00e0 Agde avec","og_url":"https:\/\/taxidagde.com\/","og_site_name":"Express Taxi","article_modified_time":"2024-01-02T20:35:35+00:00","og_image":[{"url":"https:\/\/taxidagde.com\/wp-content\/uploads\/2024\/01\/young-uber-driver-car-interior-1024x683.jpg"}],"twitter_card":"summary_large_image","twitter_misc":{"Est. reading time":"3 minutes"},"schema":{"@context":"https:\/\/schema.org","@graph":[{"@type":"WebPage","@id":"https:\/\/taxidagde.com\/","url":"https:\/\/taxidagde.com\/","name":"Home - Express Taxi","isPartOf":{"@id":"https:\/\/taxidagde.com\/#website"},"datePublished":"2023-12-27T12:46:21+00:00","dateModified":"2024-01-02T20:35:35+00:00","description":"Avec notre plateforme conviviale, planifiez vos trajets en un instant. Voyagez avec confort et assurance. R\u00e9servez d\u00e8s maintenant votre taxi \u00e0 Agde avec","breadcrumb":{"@id":"https:\/\/taxidagde.com\/#breadcrumb"},"inLanguage":"en-US","potentialAction":[{"@type":"ReadAction","target":["https:\/\/taxidagde.com\/"]}]},{"@type":"BreadcrumbList","@id":"https:\/\/taxidagde.com\/#breadcrumb","itemListElement":[{"@type":"ListItem","position":1,"name":"Accueil","item":"https:\/\/taxidagde.com\/"},{"@type":"ListItem","position":2,"name":"Home"}]},{"@type":"WebSite","@id":"https:\/\/taxidagde.com\/#website","url":"https:\/\/taxidagde.com\/","name":"Express Taxi","description":"","publisher":{"@id":"https:\/\/taxidagde.com\/#organization"},"potentialAction":[{"@type":"SearchAction","target":{"@type":"EntryPoint","urlTemplate":"https:\/\/taxidagde.com\/?s={search_term_string}"},"query-input":"required name=search_term_string"}],"inLanguage":"en-US"},{"@type":"Organization","@id":"https:\/\/taxidagde.com\/#organization","name":"Express Taxi","url":"https:\/\/taxidagde.com\/","logo":{"@type":"ImageObject","inLanguage":"en-US","@id":"https:\/\/taxidagde.com\/#\/schema\/logo\/image\/","url":"https:\/\/taxidagde.com\/wp-content\/uploads\/2023\/12\/Black-and-White-Simple-Elegant-Car-Service-Logo-500-x-50-px.png","contentUrl":"https:\/\/taxidagde.com\/wp-content\/uploads\/2023\/12\/Black-and-White-Simple-Elegant-Car-Service-Logo-500-x-50-px.png","width":200,"height":50,"caption":"Express Taxi"},"image":{"@id":"https:\/\/taxidagde.com\/#\/schema\/logo\/image\/"}}]}},"_links":{"self":[{"href":"https:\/\/taxidagde.com\/index.php\/wp-json\/wp\/v2\/pages\/328"}],"collection":[{"href":"https:\/\/taxidagde.com\/index.php\/wp-json\/wp\/v2\/pages"}],"about":[{"href":"https:\/\/taxidagde.com\/index.php\/wp-json\/wp\/v2\/types\/page"}],"author":[{"embeddable":true,"href":"https:\/\/taxidagde.com\/index.php\/wp-json\/wp\/v2\/users\/1"}],"replies":[{"embeddable":true,"href":"https:\/\/taxidagde.com\/index.php\/wp-json\/wp\/v2\/comments?post=328"}],"version-history":[{"count":21,"href":"https:\/\/taxidagde.com\/index.php\/wp-json\/wp\/v2\/pages\/328\/revisions"}],"predecessor-version":[{"id":1273,"href":"https:\/\/taxidagde.com\/index.php\/wp-json\/wp\/v2\/pages\/328\/revisions\/1273"}],"wp:attachment":[{"href":"https:\/\/taxidagde.com\/index.php\/wp-json\/wp\/v2\/media?parent=328"}],"curies":[{"name":"wp","href":"https:\/\/api.w.org\/{rel}","templated":true}]}}